{"id":1884,"date":"2017-03-23T12:57:54","date_gmt":"2017-03-23T12:57:54","guid":{"rendered":"https:\/\/persoplast.com\/fuer-unternehmen\/"},"modified":"2025-06-18T09:44:58","modified_gmt":"2025-06-18T09:44:58","slug":"dla-firm","status":"publish","type":"page","link":"https:\/\/persoplast.com\/pl\/dla-firm\/","title":{"rendered":"Dla firm"},"content":{"rendered":"<div class=\"wpb-content-wrapper\"><p>[vc_row row_height_percent=&#8221;60&#8243; override_padding=&#8221;yes&#8221; h_padding=&#8221;2&#8243; top_padding=&#8221;4&#8243; bottom_padding=&#8221;4&#8243; back_image=&#8221;1078&#8243; overlay_color=&#8221;color-jevc&#8221; overlay_alpha=&#8221;50&#8243; gutter_size=&#8221;3&#8243; column_width_percent=&#8221;100&#8243; shift_y=&#8221;0&#8243; z_index=&#8221;0&#8243; content_parallax=&#8221;0&#8243; css=&#8221;.vc_custom_1741348228924{margin-top: -30px !important;}&#8221; uncode_shortcode_id=&#8221;188919&#8243; row_height_pixel=&#8221;500&#8243; overlay_color_type=&#8221;uncode-palette&#8221;][vc_column column_width_percent=&#8221;100&#8243; position_vertical=&#8221;middle&#8221; align_horizontal=&#8221;align_center&#8221; gutter_size=&#8221;3&#8243; style=&#8221;dark&#8221; overlay_alpha=&#8221;50&#8243; shift_x=&#8221;0&#8243; shift_y=&#8221;0&#8243; shift_y_down=&#8221;0&#8243; z_index=&#8221;0&#8243; medium_width=&#8221;0&#8243; mobile_width=&#8221;0&#8243; width=&#8221;1\/1&#8243; uncode_shortcode_id=&#8221;236201&#8243;][vc_custom_heading heading_semantic=&#8221;h1&#8243; text_size=&#8221;fontsize-155944&#8243; text_space=&#8221;fontspace-781688&#8243; uncode_shortcode_id=&#8221;612583&#8243;]Tw\u00f3j sukces jest naszym celem[\/vc_custom_heading][vc_button button_color=&#8221;color-111883&#8243; size=&#8221;btn-lg&#8221; custom_typo=&#8221;yes&#8221; font_family=&#8221;font-963190&#8243; font_weight=&#8221;700&#8243; border_width=&#8221;0&#8243; button_color_type=&#8221;uncode-palette&#8221; uncode_shortcode_id=&#8221;146506&#8243; link=&#8221;url:https:\/\/persoplast.com\/?page_id=950|title:Kontakt&#8221;]Masz jakie\u015b pytania?[\/vc_button][\/vc_column][\/vc_row][vc_row row_height_percent=&#8221;0&#8243; override_padding=&#8221;yes&#8221; h_padding=&#8221;2&#8243; top_padding=&#8221;4&#8243; bottom_padding=&#8221;4&#8243; overlay_alpha=&#8221;50&#8243; gutter_size=&#8221;4&#8243; column_width_percent=&#8221;100&#8243; shift_y=&#8221;0&#8243; z_index=&#8221;0&#8243; content_parallax=&#8221;0&#8243; bg_type=&#8221;&#8221; top_and_bottom_padding=&#8221;&#8221; left_and_right_padding=&#8221;&#8221; uncode_shortcode_id=&#8221;227201&#8243;][vc_column animation=&#8221;fadeInUp&#8221; delay=&#8221;200&#8243; delay_offset=&#8221;&#8221; bg_type=&#8221;&#8221; min_height=&#8221;&#8221; top_and_bottom_padding=&#8221;&#8221; left_and_right_padding=&#8221;&#8221; width=&#8221;1\/2&#8243; id=&#8221;&#8221; class=&#8221;&#8221;][vc_custom_heading heading_semantic=&#8221;h1&#8243; text_size=&#8221;h1&#8243; text_weight=&#8221;600&#8243; uncode_shortcode_id=&#8221;786342&#8243;]Wyspecjalizowany personel dla przetw\u00f3rstwa tworzyw sztucznych[\/vc_custom_heading][vc_column_text uncode_shortcode_id=&#8221;506892&#8243;]Potrzebujesz do\u015bwiadczonych specjalist\u00f3w do swoich projekt\u00f3w w <strong>przetw\u00f3rstwie tworzyw sztucznych<\/strong> lub <strong>przemy\u015ble chemicznym<\/strong>? <strong>Persoplast recruitment GmbH<\/strong> jest Twoim kompetentnym partnerem i oferuje specjalnie wykwalifikowany personel, kt\u00f3ry spe\u0142ni Twoje wymagania.[\/vc_column_text][vc_button button_color=&#8221;color-111883&#8243; size=&#8221;btn-lg&#8221; custom_typo=&#8221;yes&#8221; font_family=&#8221;font-963190&#8243; font_weight=&#8221;700&#8243; border_width=&#8221;0&#8243; button_color_type=&#8221;uncode-palette&#8221; uncode_shortcode_id=&#8221;445267&#8243; link=&#8221;url:https:\/\/persoplast.com\/?page_id=950|title:Contact&#8221;]Masz jakie\u015b pytania?[\/vc_button][vc_column_text uncode_shortcode_id=&#8221;143180&#8243;]persoplast recruitment GmbH od wielu lat stale wsp\u00f3\u0142pracuje z T\u00dcV NORD. Testy spawalnicze naszych pracownik\u00f3w s\u0105 przeprowadzane wy\u0142\u0105cznie przez naszego partnera, T\u00dcV NORD. Dzi\u0119ki temu mo\u017cemy zagwarantowa\u0107 sp\u00f3jne wyniki spawania na najwy\u017cszym poziomie.[\/vc_column_text][vc_single_image media=&#8221;1315&#8243; media_width_percent=&#8221;50&#8243; uncode_shortcode_id=&#8221;786982&#8243; media_link=&#8221;url:https:\/\/www.tuev-nord.en\/en\/|target:_blank&#8221;][\/vc_column][vc_column column_width_percent=&#8221;100&#8243; gutter_size=&#8221;3&#8243; overlay_alpha=&#8221;50&#8243; shift_x=&#8221;0&#8243; shift_y=&#8221;0&#8243; shift_y_down=&#8221;0&#8243; z_index=&#8221;0&#8243; medium_width=&#8221;0&#8243; mobile_width=&#8221;0&#8243; animation=&#8221;fadeInUp&#8221; delay=&#8221;400&#8243; delay_offset=&#8221;&#8221; bg_type=&#8221;&#8221; min_height=&#8221;&#8221; top_and_bottom_padding=&#8221;&#8221; left_and_right_padding=&#8221;&#8221; width=&#8221;1\/2&#8243; id=&#8221;&#8221; class=&#8221;&#8221; uncode_shortcode_id=&#8221;181442&#8243;][vc_custom_heading text_size=&#8221;h1&#8243; text_weight=&#8221;600&#8243; uncode_shortcode_id=&#8221;767711&#8243;]Wykwalifikowani pracownicy do przetw\u00f3rstwa tworzyw sztucznych &#8211; Wykwalifikowani, Do\u015bwiadczeni, Certyfikowani[\/vc_custom_heading][vc_column_text uncode_shortcode_id=&#8221;119674&#8243;]persoplast recruitment GmbH oferuje wykwalifikowan\u0105 si\u0142\u0119 robocz\u0105 dla przemys\u0142u przetw\u00f3rstwa tworzyw sztucznych. Nasi pracownicy cz\u0119sto pos\u0142uguj\u0105 si\u0119 kilkoma j\u0119zykami i maj\u0105 do\u015bwiadczenie w monta\u017cu. Nasi pracownicy posiadaj\u0105 rozleg\u0142\u0105 wiedz\u0119 specjalistyczn\u0105 i kilkuletnie do\u015bwiadczenie zawodowe. Regularnie certyfikujemy naszych pracownik\u00f3w zgodnie z DVS 2212 \/ 2221 T\u00dcV. Wszelkie dodatkowe wymagane kontrole T\u00dcV mog\u0105 by\u0107 przeprowadzone niezw\u0142ocznie po uzgodnieniu. Nasi pracownicy s\u0105 zazwyczaj certyfikowani w wielu procesach spawalniczych wymienionych poni\u017cej.<\/p>\n<ul>\n<li>Spawanie gor\u0105cym gazem (WZ)<\/li>\n<li>Spawanie ekstruzyjne (WE)<\/li>\n<li>Zgrzewanie doczo\u0142owe element\u00f3w grzejnych (HS)<\/li>\n<li>Zgrzewanie elektrooporowe (HM)<\/li>\n<li>Zgrzewanie doczo\u0142owe element\u00f3w grzejnych (HD)<\/li>\n<li>Elektryczne spawanie gniazdowe (HMS)<\/li>\n<li>Spawanie w podczerwieni (IR)<\/li>\n<li>Zgrzewanie doczo\u0142owe i bezrowkowe (WN)<\/li>\n<li>\u0141\u0105czenie PVC (Klb)<\/li>\n<\/ul>\n<p>[\/vc_column_text][\/vc_column][\/vc_row][vc_row row_height_percent=&#8221;0&#8243; override_padding=&#8221;yes&#8221; h_padding=&#8221;2&#8243; top_padding=&#8221;4&#8243; bottom_padding=&#8221;4&#8243; back_color=&#8221;color-lxmt&#8221; overlay_alpha=&#8221;50&#8243; gutter_size=&#8221;4&#8243; column_width_percent=&#8221;100&#8243; shift_y=&#8221;0&#8243; z_index=&#8221;0&#8243; content_parallax=&#8221;0&#8243; uncode_shortcode_id=&#8221;289678&#8243; back_color_type=&#8221;uncode-palette&#8221;][vc_column width=&#8221;1\/2&#8243;][vc_custom_heading text_size=&#8221;h1&#8243; text_weight=&#8221;600&#8243; uncode_shortcode_id=&#8221;757409&#8243;]Nasza wiedza &#8211; profesjonali\u015bci, kt\u00f3rzy imponuj\u0105[\/vc_custom_heading][vc_column_text uncode_shortcode_id=&#8221;285649&#8243;]Nasi pracownicy posiadaj\u0105 nie tylko rozleg\u0142\u0105 <strong>wiedz\u0119 specjalistyczn\u0105<\/strong> i <strong>kilkuletnie do\u015bwiadczenie zawodowe<\/strong>, ale tak\u017ce <strong>do\u015bwiadczenie<\/strong> w <strong>monta\u017cu<\/strong>. Dzi\u0119ki swojej elastyczno\u015bci i do\u015bwiadczeniu s\u0105 optymalnie przygotowani do wymaga\u0144 projekt\u00f3w krajowych i mi\u0119dzynarodowych.<\/p>\n<h3>R\u00f3\u017cnorodno\u015b\u0107 j\u0119zykowa dla globalnych projekt\u00f3w<\/h3>\n<p>Wielu naszych specjalist\u00f3w jest <strong>wieloj\u0119zycznych<\/strong>, aby zapewni\u0107 p\u0142ynn\u0105 komunikacj\u0119. Nasi pracownicy pos\u0142uguj\u0105 si\u0119 nast\u0119puj\u0105cymi j\u0119zykami:<\/p>\n<ul>\n<li><strong>Niemiecki<\/strong><\/li>\n<li><strong>Angielski, niemiecki<\/strong><\/li>\n<li><strong>Polski<\/strong><\/li>\n<\/ul>\n<p>Te kompetencje j\u0119zykowe u\u0142atwiaj\u0105 wsp\u00f3\u0142prac\u0119 z mi\u0119dzynarodowymi zespo\u0142ami i przyczyniaj\u0105 si\u0119 do wydajno\u015bci i jako\u015bci projekt\u00f3w.<\/p>\n<h3>Kwalifikacje na najwy\u017cszym poziomie<\/h3>\n<p>Na \u017cyczenie nasi pracownicy mog\u0105 przyst\u0105pi\u0107 do <strong>egzamin\u00f3w DVS<\/strong> (Niemieckiego <strong>Towarzystwa Spawalniczego)<\/strong>, aby spe\u0142ni\u0107 specyficzne wymagania danego projektu. Gwarantuje to, \u017ce zawsze b\u0119dziesz otrzymywa\u0107 najnowocze\u015bniejszych specjalist\u00f3w.[\/vc_column_text][\/vc_column][vc_column width=&#8221;1\/2&#8243;][vc_custom_heading text_size=&#8221;h1&#8243; text_weight=&#8221;600&#8243; uncode_shortcode_id=&#8221;561921&#8243;]Niezawodni specjali\u015bci dla Twoich projekt\u00f3w &#8211; Wykwalifikowani, Przetestowane, gotowe do dzia\u0142ania[\/vc_custom_heading][vc_column_text uncode_shortcode_id=&#8221;930957&#8243;]W razie potrzeby kontrole stanu technicznego i testy w\u00f3zk\u00f3w przemys\u0142owych mog\u0105 by\u0107 r\u00f3wnie\u017c przeprowadzane szybko. Ch\u0119tnie pomo\u017cemy w realizacji projekt\u00f3w krajowych i mi\u0119dzynarodowych.<\/p>\n<p>Nasi pracownicy zajmuj\u0105 si\u0119 g\u0142\u00f3wnie budow\u0105 aparatury i zbiornik\u00f3w, budow\u0105 ruroci\u0105g\u00f3w i in\u017cynieri\u0105 instalacji. Wsp\u00f3lne procesy spawania i klejenia s\u0105 corocznie testowane przez T\u00dcV zgodnie z DVS 2212 i 2221.<\/p>\n<p>Firma Persoplast recruitment GmbH zosta\u0142a za\u0142o\u017cona w 2015 roku i od tego czasu jest cz\u0142onkiem Gesamtverband deutscher Zeitarbeitsfirmen e.V. (dawniej iGZ, Interessenverband deutscher Zeitarbeitsfirmen e.V.). Dzi\u0119ki naszemu cz\u0142onkostwu w Gesamtverband der Zeitarbeitsunternehmen e.V. (GVP) zawsze przestrzegamy standard\u00f3w jako\u015bci i kodeksu etycznego stowarzyszenia. Ch\u0119tnie prze\u015blemy dokumenty lub pisemne potwierdzenie[\/vc_column_text][vc_button button_color=&#8221;color-111883&#8243; size=&#8221;btn-lg&#8221; custom_typo=&#8221;yes&#8221; font_family=&#8221;font-963190&#8243; font_weight=&#8221;700&#8243; border_width=&#8221;0&#8243; button_color_type=&#8221;uncode-palette&#8221; uncode_shortcode_id=&#8221;146506&#8243; link=&#8221;url:https:\/\/persoplast.com\/?page_id=950|title:Kontakt&#8221;]Masz jakie\u015b pytania?[\/vc_button][\/vc_column][\/vc_row][vc_row row_height_percent=&#8221;0&#8243; override_padding=&#8221;yes&#8221; h_padding=&#8221;2&#8243; top_padding=&#8221;4&#8243; bottom_padding=&#8221;4&#8243; back_color=&#8221;color-xsdn&#8221; overlay_alpha=&#8221;50&#8243; gutter_size=&#8221;4&#8243; column_width_percent=&#8221;100&#8243; shift_y=&#8221;0&#8243; z_index=&#8221;0&#8243; content_parallax=&#8221;0&#8243; bg_type=&#8221;&#8221; top_and_bottom_padding=&#8221;&#8221; left_and_right_padding=&#8221;&#8221; uncode_shortcode_id=&#8221;161865&#8243; back_color_type=&#8221;uncode-palette&#8221;][vc_column animation=&#8221;fadeInUp&#8221; delay=&#8221;200&#8243; delay_offset=&#8221;&#8221; bg_type=&#8221;&#8221; min_height=&#8221;&#8221; top_and_bottom_padding=&#8221;&#8221; left_and_right_padding=&#8221;&#8221; width=&#8221;1\/1&#8243; id=&#8221;&#8221; class=&#8221;&#8221;][uncode_block id=&#8221;1216&#8243; inside_column=&#8221;yes&#8221;][\/vc_column][\/vc_row][vc_row row_height_percent=&#8221;0&#8243; back_color=&#8221;color-lxmt&#8221; back_image=&#8221;1089&#8243; parallax=&#8221;yes&#8221; overlay_alpha=&#8221;50&#8243; gutter_size=&#8221;4&#8243; column_width_percent=&#8221;100&#8243; shift_y=&#8221;0&#8243; z_index=&#8221;0&#8243; content_parallax=&#8221;0&#8243; bg_type=&#8221;&#8221; top_and_bottom_padding=&#8221;&#8221; left_and_right_padding=&#8221;&#8221; uncode_shortcode_id=&#8221;577446&#8243; back_color_type=&#8221;uncode-palette&#8221; row_height_pixel=&#8221;400&#8243;][vc_column column_width_percent=&#8221;100&#8243; gutter_size=&#8221;3&#8243; overlay_alpha=&#8221;50&#8243; shift_x=&#8221;0&#8243; shift_y=&#8221;0&#8243; shift_y_down=&#8221;0&#8243; z_index=&#8221;0&#8243; medium_width=&#8221;0&#8243; mobile_width=&#8221;0&#8243; animation=&#8221;fadeInUp&#8221; delay=&#8221;200&#8243; delay_offset=&#8221;&#8221; bg_type=&#8221;&#8221; min_height=&#8221;&#8221; top_and_bottom_padding=&#8221;&#8221; left_and_right_padding=&#8221;&#8221; width=&#8221;1\/1&#8243; id=&#8221;&#8221; class=&#8221;&#8221; uncode_shortcode_id=&#8221;136524&#8243;][\/vc_column][\/vc_row][vc_row row_height_percent=&#8221;0&#8243; override_padding=&#8221;yes&#8221; h_padding=&#8221;2&#8243; top_padding=&#8221;4&#8243; bottom_padding=&#8221;4&#8243; overlay_alpha=&#8221;50&#8243; gutter_size=&#8221;4&#8243; column_width_percent=&#8221;100&#8243; shift_y=&#8221;0&#8243; z_index=&#8221;0&#8243; content_parallax=&#8221;0&#8243; bg_type=&#8221;&#8221; top_and_bottom_padding=&#8221;&#8221; left_and_right_padding=&#8221;&#8221; uncode_shortcode_id=&#8221;367996&#8243;][vc_column animation=&#8221;fadeInUp&#8221; delay=&#8221;200&#8243; delay_offset=&#8221;&#8221; bg_type=&#8221;&#8221; min_height=&#8221;&#8221; top_and_bottom_padding=&#8221;&#8221; left_and_right_padding=&#8221;&#8221; width=&#8221;1\/2&#8243; id=&#8221;&#8221; class=&#8221;&#8221;][vc_custom_heading text_size=&#8221;h1&#8243; text_weight=&#8221;600&#8243; uncode_shortcode_id=&#8221;766161&#8243;]Twoje korzy\u015bci z persoplast recruitment GmbH[\/vc_custom_heading][vc_column_text uncode_shortcode_id=&#8221;128156&#8243;]<\/p>\n<ul>\n<li><strong>Ukierunkowany dob\u00f3r personelu:<\/strong> Zapewniamy dok\u0142adnie takich pracownik\u00f3w, kt\u00f3rzy spe\u0142niaj\u0105 okre\u015blone wymagania.<\/li>\n<li><strong>Elastyczno\u015b\u0107 i niezawodno\u015b\u0107<\/strong>: Niezale\u017cnie od tego, czy chodzi o zadania krajowe czy mi\u0119dzynarodowe &#8211; nasi pracownicy s\u0105 elastyczni i gotowi do dzia\u0142ania.<\/li>\n<li><strong>Wysoko wykwalifikowani specjali\u015bci<\/strong>: Nasi pracownicy posiadaj\u0105 specjalistyczn\u0105 wiedz\u0119 potrzebn\u0105 do realizacji wymagaj\u0105cych zada\u0144 w bran\u017cy przetw\u00f3rstwa tworzyw sztucznych i przemy\u015ble chemicznym.<\/li>\n<li><strong>Wsparcie na wszystkich poziomach:<\/strong> Towarzyszymy Ci od pierwszego kontaktu do pomy\u015blnego zako\u0144czenia Twoich projekt\u00f3w.<\/li>\n<\/ul>\n<p>[\/vc_column_text][\/vc_column][vc_column column_width_percent=&#8221;100&#8243; gutter_size=&#8221;3&#8243; overlay_alpha=&#8221;50&#8243; shift_x=&#8221;0&#8243; shift_y=&#8221;0&#8243; shift_y_down=&#8221;0&#8243; z_index=&#8221;0&#8243; medium_width=&#8221;0&#8243; mobile_width=&#8221;0&#8243; animation=&#8221;fadeInUp&#8221; delay=&#8221;400&#8243; delay_offset=&#8221;&#8221; bg_type=&#8221;&#8221; min_height=&#8221;&#8221; top_and_bottom_padding=&#8221;&#8221; left_and_right_padding=&#8221;&#8221; width=&#8221;1\/2&#8243; id=&#8221;&#8221; class=&#8221;&#8221; uncode_shortcode_id=&#8221;184926&#8243;][vc_custom_heading text_size=&#8221;h1&#8243; text_weight=&#8221;600&#8243; uncode_shortcode_id=&#8221;135735&#8243;]Krajowo i mi\u0119dzynarodowo &#8211; Jeste\u015bmy do Twojej dyspozycji[\/vc_custom_heading][vc_column_text uncode_shortcode_id=&#8221;270171&#8243;]Niezale\u017cnie od tego, czy potrzebujesz wyspecjalizowanego personelu do projektu w Niemczech, czy do zada\u0144 za granic\u0105, mo\u017cemy zaoferowa\u0107 odpowiednie rozwi\u0105zanie. Skontaktuj si\u0119 <strong>z nami<\/strong>, a przygotujemy ofert\u0119 dostosowan\u0105 do Twoich indywidualnych potrzeb.<\/p>\n<h3>Osi\u0105gnijmy sukces razem<\/h3>\n<p><strong>Persoplast recruitment GmbH<\/strong> jest Twoim partnerem w zakresie <strong>efektywnego planowania personelu<\/strong> i <strong>wykwalifikowanych specjalist\u00f3w<\/strong>. Je\u015bli masz jakie\u015b pytania lub chcia\u0142by\u015b skorzysta\u0107 z osobistej konsultacji, skontaktuj si\u0119 z nami.<\/p>\n<p><strong>Skontaktuj si\u0119 z nami ju\u017c dzi\u015b &#8211; z niecierpliwo\u015bci\u0105 czekamy na wsparcie!<\/strong>[\/vc_column_text][\/vc_column][\/vc_row][vc_row unlock_row_content=&#8221;yes&#8221; row_height_percent=&#8221;0&#8243; override_padding=&#8221;yes&#8221; h_padding=&#8221;0&#8243; top_padding=&#8221;0&#8243; bottom_padding=&#8221;0&#8243; overlay_alpha=&#8221;50&#8243; gutter_size=&#8221;3&#8243; column_width_percent=&#8221;100&#8243; shift_y=&#8221;0&#8243; z_index=&#8221;0&#8243; content_parallax=&#8221;0&#8243; uncode_shortcode_id=&#8221;350548&#8243;][vc_column width=&#8221;1\/1&#8243;][vc_gallery el_id=&#8221;gallery-197878&#8243; isotope_mode=&#8221;packery&#8221; random=&#8221;yes&#8221; medias=&#8221;930,932,935,848&#8243; gutter_size=&#8221;1&#8243; screen_lg=&#8221;1000&#8243; screen_md=&#8221;600&#8243; screen_sm=&#8221;480&#8243; single_width=&#8221;3&#8243; single_overlay_opacity=&#8221;50&#8243; single_padding=&#8221;2&#8243; uncode_shortcode_id=&#8221;209995&#8243;][\/vc_column][\/vc_row]<\/p>\n<\/div>","protected":false},"excerpt":{"rendered":"<p>[vc_row row_height_percent=&#8221;60&#8243; override_padding=&#8221;yes&#8221; h_padding=&#8221;2&#8243; top_padding=&#8221;4&#8243; bottom_padding=&#8221;4&#8243; back_image=&#8221;1078&#8243; overlay_color=&#8221;color-jevc&#8221; overlay_alpha=&#8221;50&#8243; gutter_size=&#8221;3&#8243; column_width_percent=&#8221;100&#8243; shift_y=&#8221;0&#8243; z_index=&#8221;0&#8243; content_parallax=&#8221;0&#8243; css=&#8221;.vc_custom_1741348228924{margin-top: -30px !important;}&#8221; uncode_shortcode_id=&#8221;188919&#8243; row_height_pixel=&#8221;500&#8243; overlay_color_type=&#8221;uncode-palette&#8221;][vc_column [&hellip;]<\/p>\n","protected":false},"author":1,"featured_media":1467,"parent":0,"menu_order":0,"comment_status":"closed","ping_status":"closed","template":"","meta":{"footnotes":""},"class_list":["post-1884","page","type-page","status-publish","has-post-thumbnail","hentry"],"_links":{"self":[{"href":"https:\/\/persoplast.com\/pl\/wp-json\/wp\/v2\/pages\/1884","targetHints":{"allow":["GET"]}}],"collection":[{"href":"https:\/\/persoplast.com\/pl\/wp-json\/wp\/v2\/pages"}],"about":[{"href":"https:\/\/persoplast.com\/pl\/wp-json\/wp\/v2\/types\/page"}],"author":[{"embeddable":true,"href":"https:\/\/persoplast.com\/pl\/wp-json\/wp\/v2\/users\/1"}],"replies":[{"embeddable":true,"href":"https:\/\/persoplast.com\/pl\/wp-json\/wp\/v2\/comments?post=1884"}],"version-history":[{"count":2,"href":"https:\/\/persoplast.com\/pl\/wp-json\/wp\/v2\/pages\/1884\/revisions"}],"predecessor-version":[{"id":1917,"href":"https:\/\/persoplast.com\/pl\/wp-json\/wp\/v2\/pages\/1884\/revisions\/1917"}],"wp:featuredmedia":[{"embeddable":true,"href":"https:\/\/persoplast.com\/pl\/wp-json\/wp\/v2\/media\/1467"}],"wp:attachment":[{"href":"https:\/\/persoplast.com\/pl\/wp-json\/wp\/v2\/media?parent=1884"}],"curies":[{"name":"wp","href":"https:\/\/api.w.org\/{rel}","templated":true}]}}