{"id":1892,"date":"2016-06-08T12:26:21","date_gmt":"2016-06-08T12:26:21","guid":{"rendered":"https:\/\/persoplast.com\/persoplast\/"},"modified":"2025-06-18T09:46:35","modified_gmt":"2025-06-18T09:46:35","slug":"persoplast","status":"publish","type":"page","link":"https:\/\/persoplast.com\/pl\/","title":{"rendered":"Przemys\u0142 tworzyw sztucznych"},"content":{"rendered":"<div class=\"wpb-content-wrapper\"><p>[vc_row row_height_percent=&#8221;60&#8243; override_padding=&#8221;yes&#8221; h_padding=&#8221;2&#8243; top_padding=&#8221;4&#8243; bottom_padding=&#8221;4&#8243; back_image=&#8221;1066&#8243; overlay_color=&#8221;color-jevc&#8221; overlay_alpha=&#8221;50&#8243; gutter_size=&#8221;3&#8243; column_width_percent=&#8221;100&#8243; shift_y=&#8221;0&#8243; z_index=&#8221;0&#8243; content_parallax=&#8221;0&#8243; css=&#8221;.vc_custom_1742473539007{margin-top: -30px !important;}&#8221; uncode_shortcode_id=&#8221;721752&#8243; row_height_pixel=&#8221;500&#8243; overlay_color_type=&#8221;uncode-palette&#8221;][vc_column column_width_percent=&#8221;100&#8243; position_vertical=&#8221;middle&#8221; align_horizontal=&#8221;align_center&#8221; gutter_size=&#8221;3&#8243; style=&#8221;dark&#8221; overlay_alpha=&#8221;50&#8243; shift_x=&#8221;0&#8243; shift_y=&#8221;0&#8243; shift_y_down=&#8221;0&#8243; z_index=&#8221;0&#8243; medium_width=&#8221;0&#8243; mobile_width=&#8221;0&#8243; width=&#8221;1\/1&#8243; uncode_shortcode_id=&#8221;206985&#8243;][vc_custom_heading heading_semantic=&#8221;h1&#8243; text_size=&#8221;fontsize-155944&#8243; text_space=&#8221;fontspace-781688&#8243; uncode_shortcode_id=&#8221;853735&#8243;]Tw\u00f3j partner dla do\u015bwiadczonych specjalist\u00f3w w bran\u017cy przetw\u00f3rstwa tworzyw sztucznych[\/vc_custom_heading][vc_button button_color=&#8221;color-111883&#8243; size=&#8221;btn-lg&#8221; custom_typo=&#8221;yes&#8221; font_family=&#8221;font-963190&#8243; font_weight=&#8221;700&#8243; border_width=&#8221;0&#8243; button_color_type=&#8221;uncode-palette&#8221; uncode_shortcode_id=&#8221;667518&#8243; link=&#8221;url:https:\/\/persoplast.com\/?page_id=950|title:Kontakt&#8221;]Masz jakie\u015b pytania?[\/vc_button][\/vc_column][\/vc_row][vc_row unlock_row_content=&#8221;yes&#8221; row_height_percent=&#8221;0&#8243; override_padding=&#8221;yes&#8221; h_padding=&#8221;2&#8243; top_padding=&#8221;2&#8243; bottom_padding=&#8221;2&#8243; back_color=&#8221;color-lxmt&#8221; overlay_alpha=&#8221;50&#8243; gutter_size=&#8221;3&#8243; column_width_percent=&#8221;100&#8243; shift_y=&#8221;0&#8243; z_index=&#8221;0&#8243; content_parallax=&#8221;0&#8243; css=&#8221;.vc_custom_1741345772568{margin-top: -30px !important;}&#8221; uncode_shortcode_id=&#8221;136774&#8243; back_color_type=&#8221;uncode-palette&#8221;][vc_column column_width_percent=&#8221;100&#8243; position_vertical=&#8221;middle&#8221; align_horizontal=&#8221;align_center&#8221; gutter_size=&#8221;3&#8243; style=&#8221;dark&#8221; overlay_alpha=&#8221;50&#8243; shift_x=&#8221;0&#8243; shift_y=&#8221;0&#8243; shift_y_down=&#8221;0&#8243; z_index=&#8221;0&#8243; medium_width=&#8221;0&#8243; mobile_width=&#8221;0&#8243; width=&#8221;1\/1&#8243; uncode_shortcode_id=&#8221;808831&#8243;][uncode_block id=&#8221;1176&#8243; inside_column=&#8221;yes&#8221;][\/vc_column][\/vc_row][vc_row row_height_percent=&#8221;0&#8243; override_padding=&#8221;yes&#8221; h_padding=&#8221;2&#8243; top_padding=&#8221;4&#8243; bottom_padding=&#8221;4&#8243; back_color=&#8221;color-xsdn&#8221; overlay_alpha=&#8221;50&#8243; gutter_size=&#8221;4&#8243; column_width_percent=&#8221;100&#8243; shift_y=&#8221;0&#8243; z_index=&#8221;0&#8243; content_parallax=&#8221;0&#8243; bg_type=&#8221;&#8221; top_and_bottom_padding=&#8221;&#8221; left_and_right_padding=&#8221;&#8221; uncode_shortcode_id=&#8221;862253&#8243; back_color_type=&#8221;uncode-palette&#8221;][vc_column column_width_percent=&#8221;100&#8243; gutter_size=&#8221;3&#8243; overlay_alpha=&#8221;50&#8243; shift_x=&#8221;0&#8243; shift_y=&#8221;0&#8243; shift_y_down=&#8221;0&#8243; z_index=&#8221;0&#8243; medium_width=&#8221;0&#8243; mobile_width=&#8221;0&#8243; animation=&#8221;fadeInUp&#8221; delay=&#8221;200&#8243; delay_offset=&#8221;&#8221; bg_type=&#8221;&#8221; min_height=&#8221;&#8221; top_and_bottom_padding=&#8221;&#8221; left_and_right_padding=&#8221;&#8221; width=&#8221;1\/2&#8243; id=&#8221;&#8221; class=&#8221;&#8221; uncode_shortcode_id=&#8221;136524&#8243;][vc_custom_heading text_color=&#8221;color-xsdn&#8221; text_size=&#8221;h6&#8243; badge_style=&#8221;yes&#8221; back_color=&#8221;color-111883&#8243; radius=&#8221;std&#8221; uncode_shortcode_id=&#8221;474875&#8243; text_color_type=&#8221;uncode-palette&#8221; back_color_type=&#8221;uncode-palette&#8221;]Tw\u00f3j dostawca us\u0142ug personalnych[\/vc_custom_heading][vc_custom_heading text_size=&#8221;h1&#8243; text_weight=&#8221;600&#8243; uncode_shortcode_id=&#8221;372768&#8243;]10 lat sukces\u00f3w w bran\u017cy przetw\u00f3rstwa tworzyw sztucznych[\/vc_custom_heading][vc_column_text uncode_shortcode_id=&#8221;185502&#8243;]\u015awi\u0119tujemy wyj\u0105tkow\u0105 rocznic\u0119! <strong>Od 10 lat pracujemy jako dostawca us\u0142ug personalnych dla firm z bran\u017cy przetw\u00f3rstwa tworzyw sztucznych<\/strong>. W tym czasie nie tylko wspierali\u015bmy wiele firm w poszukiwaniu wykwalifikowanych pracownik\u00f3w, ale tak\u017ce zrealizowali\u015bmy niezliczone projekty dla klient\u00f3w.<\/p>\n<p>Dzi\u0119ki zaufaniu naszych klient\u00f3w i <strong>zaanga\u017cowanej wsp\u00f3\u0142pracy<\/strong> z naszymi pracownikami byli\u015bmy w stanie stale si\u0119 rozwija\u0107 i sta\u0107 si\u0119 wiarygodnym partnerem w bran\u017cy. Jeste\u015bmy dumni, \u017ce wnie\u015bli\u015bmy wk\u0142ad w rozw\u00f3j i innowacje w bran\u017cy przetw\u00f3rstwa tworzyw sztucznych.<\/p>\n<p>Dzi\u0119kujemy wszystkim, kt\u00f3rzy towarzyszyli nam w tej podr\u00f3\u017cy &#8211; naszym klientom, pracownikom i partnerom. Razem patrzymy w przysz\u0142o\u015b\u0107 z optymizmem i czekamy na wiele kolejnych udanych lat![\/vc_column_text][\/vc_column][vc_column column_width_percent=&#8221;100&#8243; gutter_size=&#8221;3&#8243; expand_height=&#8221;yes&#8221; overlay_alpha=&#8221;50&#8243; shift_x=&#8221;0&#8243; shift_y=&#8221;0&#8243; shift_y_down=&#8221;0&#8243; z_index=&#8221;0&#8243; medium_width=&#8221;0&#8243; mobile_width=&#8221;0&#8243; animation=&#8221;fadeInUp&#8221; delay=&#8221;400&#8243; delay_offset=&#8221;&#8221; bg_type=&#8221;&#8221; min_height=&#8221;&#8221; top_and_bottom_padding=&#8221;&#8221; left_and_right_padding=&#8221;&#8221; width=&#8221;1\/2&#8243; id=&#8221;&#8221; class=&#8221;&#8221; uncode_shortcode_id=&#8221;258305&#8243;][vc_custom_heading text_color=&#8221;color-xsdn&#8221; text_size=&#8221;h6&#8243; badge_style=&#8221;yes&#8221; back_color=&#8221;color-111883&#8243; radius=&#8221;std&#8221; uncode_shortcode_id=&#8221;598910&#8243; text_color_type=&#8221;uncode-palette&#8221; back_color_type=&#8221;uncode-palette&#8221;]Bran\u017ca przetw\u00f3rstwa tworzyw sztucznych[\/vc_custom_heading][vc_custom_heading text_size=&#8221;h1&#8243; text_weight=&#8221;600&#8243; uncode_shortcode_id=&#8221;338601&#8243;]Masz problemy w obszarze personalnym? Mo\u017cemy je rozwi\u0105za\u0107![\/vc_custom_heading][vc_column_text uncode_shortcode_id=&#8221;200548&#8243;]Persoplast recruitment GmbH od wielu lat oferuje do\u015bwiadczonych pracownik\u00f3w firmom z bran\u017cy przetw\u00f3rstwa tworzyw sztucznych. Wsp\u00f3\u0142praca mo\u017cliwa jest na zasadzie zatrudnienia tymczasowego. Obszary dzia\u0142alno\u015bci obejmuj\u0105 g\u0142\u00f3wnie nast\u0119puj\u0105ce obszary<\/p>\n<ul>\n<li><strong>Budowa urz\u0105dze\u0144 i zbiornik\u00f3w<\/strong><\/li>\n<li><strong>Budowa ruroci\u0105g\u00f3w<\/strong><\/li>\n<li><strong>Budowa instalacji<\/strong><\/li>\n<li><strong>Budowa szyb\u00f3w<\/strong><\/li>\n<\/ul>\n<p>Nasi pracownicy posiadaj\u0105 rozleg\u0142\u0105 wiedz\u0119 i wieloletnie do\u015bwiadczenie zawodowe. Z persoplast recruitment GmbH jako dostawc\u0105 us\u0142ug, mo\u017cesz polega\u0107 na elastycznym i niezawodnym planowaniu personelu. Pocz\u0105wszy od starannego doboru personelu, gwarantujemy wysoki stopie\u0144 profesjonalizmu w ca\u0142ym procesie. Ch\u0119tnie wesprzemy r\u00f3wnie\u017c Ciebie w jednym z Twoich projekt\u00f3w. Czekamy na wiadomo\u015b\u0107 od Ciebie. Lub nie wahaj si\u0119 z nami skontaktowa\u0107..[\/vc_column_text][\/vc_column][\/vc_row][vc_row row_height_percent=&#8221;0&#8243; back_color=&#8221;color-lxmt&#8221; back_image=&#8221;1105&#8243; parallax=&#8221;yes&#8221; overlay_alpha=&#8221;50&#8243; gutter_size=&#8221;4&#8243; column_width_percent=&#8221;100&#8243; shift_y=&#8221;0&#8243; z_index=&#8221;0&#8243; content_parallax=&#8221;0&#8243; bg_type=&#8221;&#8221; top_and_bottom_padding=&#8221;&#8221; left_and_right_padding=&#8221;&#8221; uncode_shortcode_id=&#8221;169508&#8243; back_color_type=&#8221;uncode-palette&#8221; row_height_pixel=&#8221;400&#8243;][vc_column column_width_percent=&#8221;100&#8243; gutter_size=&#8221;3&#8243; overlay_alpha=&#8221;50&#8243; shift_x=&#8221;0&#8243; shift_y=&#8221;0&#8243; shift_y_down=&#8221;0&#8243; z_index=&#8221;0&#8243; medium_width=&#8221;0&#8243; mobile_width=&#8221;0&#8243; animation=&#8221;fadeInUp&#8221; delay=&#8221;200&#8243; delay_offset=&#8221;&#8221; bg_type=&#8221;&#8221; min_height=&#8221;&#8221; top_and_bottom_padding=&#8221;&#8221; left_and_right_padding=&#8221;&#8221; width=&#8221;1\/1&#8243; id=&#8221;&#8221; class=&#8221;&#8221; uncode_shortcode_id=&#8221;136524&#8243;][\/vc_column][\/vc_row][vc_row row_height_percent=&#8221;0&#8243; override_padding=&#8221;yes&#8221; h_padding=&#8221;2&#8243; top_padding=&#8221;4&#8243; bottom_padding=&#8221;4&#8243; overlay_alpha=&#8221;50&#8243; gutter_size=&#8221;4&#8243; column_width_percent=&#8221;100&#8243; shift_y=&#8221;0&#8243; z_index=&#8221;0&#8243; content_parallax=&#8221;0&#8243; bg_type=&#8221;&#8221; top_and_bottom_padding=&#8221;&#8221; left_and_right_padding=&#8221;&#8221; uncode_shortcode_id=&#8221;157872&#8243;][vc_column column_width_percent=&#8221;100&#8243; gutter_size=&#8221;3&#8243; overlay_alpha=&#8221;50&#8243; shift_x=&#8221;0&#8243; shift_y=&#8221;0&#8243; shift_y_down=&#8221;0&#8243; z_index=&#8221;0&#8243; medium_width=&#8221;0&#8243; mobile_width=&#8221;0&#8243; animation=&#8221;fadeInUp&#8221; delay=&#8221;400&#8243; delay_offset=&#8221;&#8221; bg_type=&#8221;&#8221; min_height=&#8221;&#8221; top_and_bottom_padding=&#8221;&#8221; left_and_right_padding=&#8221;&#8221; width=&#8221;1\/2&#8243; id=&#8221;&#8221; class=&#8221;&#8221; uncode_shortcode_id=&#8221;212336&#8243;][vc_custom_heading text_color=&#8221;color-xsdn&#8221; text_size=&#8221;h6&#8243; badge_style=&#8221;yes&#8221; back_color=&#8221;color-111883&#8243; radius=&#8221;std&#8221; uncode_shortcode_id=&#8221;957414&#8243; text_color_type=&#8221;uncode-palette&#8221; back_color_type=&#8221;uncode-palette&#8221;]Personel specjalistyczny[\/vc_custom_heading][vc_custom_heading text_size=&#8221;h1&#8243; text_weight=&#8221;600&#8243; uncode_shortcode_id=&#8221;131533&#8243;]Dlaczego Persoplast?[\/vc_custom_heading][vc_column_text uncode_shortcode_id=&#8221;109815&#8243;]Nasi pracownicy posiadaj\u0105 nie tylko rozleg\u0142\u0105 wiedz\u0119 specjalistyczn\u0105, ale tak\u017ce wysoki poziom zaanga\u017cowania i elastyczno\u015bci. Starannie dobieraj\u0105c nasz personel, zapewniamy, \u017ce otrzymujesz odpowiednich specjalist\u00f3w spe\u0142niaj\u0105cych Twoje indywidualne wymagania.<\/p>\n<h3>Nasze mocne strony w skr\u00f3cie:<\/h3>\n<ul>\n<li><strong>Staranny dob\u00f3r personelu:<\/strong> Gwarantujemy, \u017ce trafiaj\u0105 do nas wy\u0142\u0105cznie wykwalifikowani i do\u015bwiadczeni specjali\u015bci.<\/li>\n<li><strong>Elastyczno\u015b\u0107 i niezawodno\u015b\u0107<\/strong>: Nasi pracownicy s\u0105 dost\u0119pni dok\u0142adnie wtedy, gdy ich potrzebujesz.<\/li>\n<li><strong>Wysoki poziom profesjonalizmu<\/strong>: Wspieramy Ci\u0119 przez ca\u0142y czas trwania projektu i zapewniamy, \u017ce wszystkie procesy przebiegaj\u0105 sprawnie.<\/li>\n<\/ul>\n<p>[\/vc_column_text][\/vc_column][vc_column column_width_percent=&#8221;100&#8243; gutter_size=&#8221;3&#8243; overlay_alpha=&#8221;50&#8243; shift_x=&#8221;0&#8243; shift_y=&#8221;0&#8243; shift_y_down=&#8221;0&#8243; z_index=&#8221;0&#8243; medium_width=&#8221;0&#8243; mobile_width=&#8221;0&#8243; animation=&#8221;fadeInUp&#8221; delay=&#8221;200&#8243; delay_offset=&#8221;&#8221; bg_type=&#8221;&#8221; min_height=&#8221;&#8221; top_and_bottom_padding=&#8221;&#8221; left_and_right_padding=&#8221;&#8221; width=&#8221;1\/2&#8243; id=&#8221;&#8221; class=&#8221;&#8221; uncode_shortcode_id=&#8221;227574&#8243;][vc_custom_heading text_color=&#8221;color-xsdn&#8221; text_size=&#8221;h6&#8243; badge_style=&#8221;yes&#8221; back_color=&#8221;color-111883&#8243; radius=&#8221;std&#8221; uncode_shortcode_id=&#8221;379751&#8243; text_color_type=&#8221;uncode-palette&#8221; back_color_type=&#8221;uncode-palette&#8221;]Elastyczne planowanie personelu[\/vc_custom_heading][vc_custom_heading text_size=&#8221;h1&#8243; text_weight=&#8221;600&#8243; uncode_shortcode_id=&#8221;249263&#8243;]Specjali\u015bci od proces\u00f3w spawania i klejenia. Techniki spawania zapewniaj\u0105ce precyzyjne i trwa\u0142e rezultaty[\/vc_custom_heading][vc_column_text uncode_shortcode_id=&#8221;184805&#8243;]Nasi pracownicy s\u0105 biegli w r\u00f3\u017cnych <strong>procesach<\/strong> spawania <strong>i klej<\/strong>enia. Techniki te s\u0105 szczeg\u00f3lnie wa\u017cne dla zapewnienia jako\u015bci i trwa\u0142o\u015bci system\u00f3w i ruroci\u0105g\u00f3w. Opr\u00f3cz standardowych metod, oferujemy r\u00f3wnie\u017c metody specjalistyczne, w tym<\/p>\n<ul>\n<li><strong>Spawanie bez wtopie\u0144 i rowk\u00f3w (WNF)<\/strong><\/li>\n<li><strong>Spawanie w podczerwieni (IR)<\/strong><\/li>\n<\/ul>\n<p>[\/vc_column_text][vc_button button_color=&#8221;color-111883&#8243; size=&#8221;btn-lg&#8221; custom_typo=&#8221;yes&#8221; font_family=&#8221;font-963190&#8243; font_weight=&#8221;700&#8243; border_width=&#8221;0&#8243; button_color_type=&#8221;uncode-palette&#8221; uncode_shortcode_id=&#8221;717482&#8243; link=&#8221;url:https:\/\/persoplast.com\/?page_id=950|title:Kontakt&#8221;]Zapytanie personalne[\/vc_button][\/vc_column][\/vc_row][vc_row row_height_percent=&#8221;0&#8243; back_color=&#8221;color-lxmt&#8221; back_image=&#8221;1080&#8243; parallax=&#8221;yes&#8221; overlay_alpha=&#8221;50&#8243; gutter_size=&#8221;4&#8243; column_width_percent=&#8221;100&#8243; shift_y=&#8221;0&#8243; z_index=&#8221;0&#8243; content_parallax=&#8221;0&#8243; bg_type=&#8221;&#8221; top_and_bottom_padding=&#8221;&#8221; left_and_right_padding=&#8221;&#8221; uncode_shortcode_id=&#8221;549332&#8243; back_color_type=&#8221;uncode-palette&#8221; row_height_pixel=&#8221;400&#8243;][vc_column column_width_percent=&#8221;100&#8243; gutter_size=&#8221;3&#8243; overlay_alpha=&#8221;50&#8243; shift_x=&#8221;0&#8243; shift_y=&#8221;0&#8243; shift_y_down=&#8221;0&#8243; z_index=&#8221;0&#8243; medium_width=&#8221;0&#8243; mobile_width=&#8221;0&#8243; animation=&#8221;fadeInUp&#8221; delay=&#8221;200&#8243; delay_offset=&#8221;&#8221; bg_type=&#8221;&#8221; min_height=&#8221;&#8221; top_and_bottom_padding=&#8221;&#8221; left_and_right_padding=&#8221;&#8221; width=&#8221;1\/1&#8243; id=&#8221;&#8221; class=&#8221;&#8221; uncode_shortcode_id=&#8221;136524&#8243;][\/vc_column][\/vc_row][vc_row row_height_percent=&#8221;0&#8243; override_padding=&#8221;yes&#8221; h_padding=&#8221;2&#8243; top_padding=&#8221;4&#8243; bottom_padding=&#8221;4&#8243; back_color=&#8221;color-lxmt&#8221; overlay_alpha=&#8221;50&#8243; gutter_size=&#8221;4&#8243; column_width_percent=&#8221;100&#8243; shift_y=&#8221;0&#8243; z_index=&#8221;0&#8243; content_parallax=&#8221;0&#8243; bg_type=&#8221;&#8221; top_and_bottom_padding=&#8221;&#8221; left_and_right_padding=&#8221;&#8221; uncode_shortcode_id=&#8221;186856&#8243; back_color_type=&#8221;uncode-palette&#8221;][vc_column animation=&#8221;fadeInUp&#8221; delay=&#8221;200&#8243; delay_offset=&#8221;&#8221; bg_type=&#8221;&#8221; min_height=&#8221;&#8221; top_and_bottom_padding=&#8221;&#8221; left_and_right_padding=&#8221;&#8221; width=&#8221;1\/2&#8243; id=&#8221;&#8221; class=&#8221;&#8221;][vc_custom_heading text_size=&#8221;h1&#8243; text_weight=&#8221;600&#8243; uncode_shortcode_id=&#8221;201005&#8243;]Przetwarzanie tworzyw <strong>termoplastycznych<\/strong> i <strong>termoutwardzalnych<\/strong>[\/vc_custom_heading][vc_column_text uncode_shortcode_id=&#8221;174593&#8243;]Nasi specjali\u015bci maj\u0105 r\u00f3wnie\u017c ogromne do\u015bwiadczenie w przetwarzaniu <strong>tworzyw termoplastycznych<\/strong> i <strong>termoutwardzalnych<\/strong>, takich jak<\/p>\n<ul>\n<li><strong>PE (polietylen)<\/strong><\/li>\n<li><strong>PP (polipropylen)<\/strong><\/li>\n<li><strong>PVC (polichlorek winylu)<\/strong><\/li>\n<li><strong>PVDF (polifluorek winylidenu)<\/strong><\/li>\n<li><strong>GRP (tworzywo sztuczne wzmocnione w\u0142\u00f3knem szklanym)<\/strong><\/li>\n<\/ul>\n<p>Gwarantuje to, \u017ce mo\u017cemy z powodzeniem realizowa\u0107 r\u00f3wnie\u017c wysokie wymagania materia\u0142owe.[\/vc_column_text][vc_button button_color=&#8221;color-111883&#8243; size=&#8221;btn-lg&#8221; custom_typo=&#8221;yes&#8221; font_family=&#8221;font-963190&#8243; font_weight=&#8221;700&#8243; border_width=&#8221;0&#8243; button_color_type=&#8221;uncode-palette&#8221; uncode_shortcode_id=&#8221;126097&#8243; link=&#8221;url:https:\/\/persoplast.com\/?page_id=950|title:Kontakt&#8221;]Zapytanie o personel[\/vc_button][\/vc_column][vc_column column_width_percent=&#8221;100&#8243; gutter_size=&#8221;3&#8243; expand_height=&#8221;yes&#8221; overlay_alpha=&#8221;50&#8243; shift_x=&#8221;0&#8243; shift_y=&#8221;0&#8243; shift_y_down=&#8221;0&#8243; z_index=&#8221;0&#8243; medium_width=&#8221;0&#8243; mobile_width=&#8221;0&#8243; animation=&#8221;fadeInUp&#8221; delay=&#8221;400&#8243; delay_offset=&#8221;&#8221; bg_type=&#8221;&#8221; min_height=&#8221;&#8221; top_and_bottom_padding=&#8221;&#8221; left_and_right_padding=&#8221;&#8221; width=&#8221;1\/2&#8243; id=&#8221;&#8221; class=&#8221;&#8221; uncode_shortcode_id=&#8221;102626&#8243;][vc_custom_heading text_size=&#8221;h1&#8243; text_weight=&#8221;600&#8243; uncode_shortcode_id=&#8221;796672&#8243;]Osi\u0105gnijmy sukces razem[\/vc_custom_heading][vc_column_text uncode_shortcode_id=&#8221;166545&#8243;]Z <strong>Persoplast recruitment GmbH<\/strong> u boku zyskujesz kompetentnego dostawc\u0119 us\u0142ug, kt\u00f3ry elastycznie i efektywnie zorganizuje planowanie personelu. Niezale\u017cnie od tego, czy szukasz d\u0142ugoterminowych projekt\u00f3w, czy kr\u00f3tkoterminowych wymaga\u0144 &#8211; jeste\u015bmy do Twojej dyspozycji jako niezawodny partner.<\/p>\n<p><strong>Skontaktuj si\u0119 z nami ju\u017c dzi\u015b!<\/strong> Z niecierpliwo\u015bci\u0105 czekamy na wsparcie w kolejnym projekcie i wsp\u00f3lne opracowanie niestandardowych rozwi\u0105za\u0144.[\/vc_column_text][vc_button button_color=&#8221;color-111883&#8243; size=&#8221;btn-lg&#8221; custom_typo=&#8221;yes&#8221; font_family=&#8221;font-963190&#8243; font_weight=&#8221;700&#8243; border_width=&#8221;0&#8243; button_color_type=&#8221;uncode-palette&#8221; uncode_shortcode_id=&#8221;168395&#8243; link=&#8221;url:https:\/\/persoplast.com\/?page_id=950|title:Kontakt&#8221;]Masz jakie\u015b pytania?[\/vc_button][\/vc_column][\/vc_row][vc_row unlock_row_content=&#8221;yes&#8221; row_height_percent=&#8221;0&#8243; override_padding=&#8221;yes&#8221; h_padding=&#8221;0&#8243; top_padding=&#8221;0&#8243; bottom_padding=&#8221;0&#8243; overlay_alpha=&#8221;50&#8243; gutter_size=&#8221;3&#8243; column_width_percent=&#8221;100&#8243; shift_y=&#8221;0&#8243; z_index=&#8221;0&#8243; content_parallax=&#8221;0&#8243; uncode_shortcode_id=&#8221;122920&#8243;][vc_column width=&#8221;1\/1&#8243;][vc_gallery el_id=&#8221;gallery-107341&#8243; type=&#8221;carousel&#8221; medias=&#8221;939,940,941,942,943,944,945,946,947,948&#8243; carousel_lg=&#8221;4&#8243; carousel_md=&#8221;3&#8243; carousel_sm=&#8221;1&#8243; thumb_size=&#8221;four-three&#8221; gutter_size=&#8221;0&#8243; carousel_interval=&#8221;3000&#8243; carousel_navspeed=&#8221;400&#8243; stage_padding=&#8221;0&#8243; single_overlay_opacity=&#8221;50&#8243; single_padding=&#8221;0&#8243; uncode_shortcode_id=&#8221;127734&#8243;][\/vc_column][\/vc_row][vc_row][vc_column width=&#8221;1\/1&#8243;][uncode_block id=&#8221;1056&#8243;][\/vc_column][\/vc_row]<\/p>\n<\/div>","protected":false},"excerpt":{"rendered":"<p>[vc_row row_height_percent=&#8221;60&#8243; override_padding=&#8221;yes&#8221; h_padding=&#8221;2&#8243; top_padding=&#8221;4&#8243; bottom_padding=&#8221;4&#8243; back_image=&#8221;1066&#8243; overlay_color=&#8221;color-jevc&#8221; overlay_alpha=&#8221;50&#8243; gutter_size=&#8221;3&#8243; column_width_percent=&#8221;100&#8243; shift_y=&#8221;0&#8243; z_index=&#8221;0&#8243; content_parallax=&#8221;0&#8243; css=&#8221;.vc_custom_1742473539007{margin-top: -30px !important;}&#8221; uncode_shortcode_id=&#8221;721752&#8243; row_height_pixel=&#8221;500&#8243; overlay_color_type=&#8221;uncode-palette&#8221;][vc_column [&hellip;]<\/p>\n","protected":false},"author":1,"featured_media":1601,"parent":0,"menu_order":0,"comment_status":"closed","ping_status":"closed","template":"","meta":{"footnotes":""},"class_list":["post-1892","page","type-page","status-publish","has-post-thumbnail","hentry"],"_links":{"self":[{"href":"https:\/\/persoplast.com\/pl\/wp-json\/wp\/v2\/pages\/1892","targetHints":{"allow":["GET"]}}],"collection":[{"href":"https:\/\/persoplast.com\/pl\/wp-json\/wp\/v2\/pages"}],"about":[{"href":"https:\/\/persoplast.com\/pl\/wp-json\/wp\/v2\/types\/page"}],"author":[{"embeddable":true,"href":"https:\/\/persoplast.com\/pl\/wp-json\/wp\/v2\/users\/1"}],"replies":[{"embeddable":true,"href":"https:\/\/persoplast.com\/pl\/wp-json\/wp\/v2\/comments?post=1892"}],"version-history":[{"count":1,"href":"https:\/\/persoplast.com\/pl\/wp-json\/wp\/v2\/pages\/1892\/revisions"}],"predecessor-version":[{"id":1910,"href":"https:\/\/persoplast.com\/pl\/wp-json\/wp\/v2\/pages\/1892\/revisions\/1910"}],"wp:featuredmedia":[{"embeddable":true,"href":"https:\/\/persoplast.com\/pl\/wp-json\/wp\/v2\/media\/1601"}],"wp:attachment":[{"href":"https:\/\/persoplast.com\/pl\/wp-json\/wp\/v2\/media?parent=1892"}],"curies":[{"name":"wp","href":"https:\/\/api.w.org\/{rel}","templated":true}]}}