{"id":1896,"date":"2017-03-23T13:22:23","date_gmt":"2017-03-23T13:22:23","guid":{"rendered":"https:\/\/persoplast.com\/ueber-persoplast\/"},"modified":"2025-06-18T09:46:48","modified_gmt":"2025-06-18T09:46:48","slug":"ueber-persoplast","status":"publish","type":"page","link":"https:\/\/persoplast.com\/pl\/ueber-persoplast\/","title":{"rendered":"Informacje o Persoplast"},"content":{"rendered":"<div class=\"wpb-content-wrapper\"><p>[vc_row row_height_percent=&#8221;60&#8243; override_padding=&#8221;yes&#8221; h_padding=&#8221;2&#8243; top_padding=&#8221;4&#8243; bottom_padding=&#8221;4&#8243; back_image=&#8221;1230&#8243; overlay_color=&#8221;color-jevc&#8221; overlay_alpha=&#8221;50&#8243; gutter_size=&#8221;3&#8243; column_width_percent=&#8221;100&#8243; shift_y=&#8221;0&#8243; z_index=&#8221;0&#8243; content_parallax=&#8221;0&#8243; css=&#8221;.vc_custom_1741347439258{margin-top: -30px !important;}&#8221; uncode_shortcode_id=&#8221;462268&#8243; row_height_pixel=&#8221;500&#8243; overlay_color_type=&#8221;uncode-palette&#8221;][vc_column column_width_percent=&#8221;100&#8243; position_vertical=&#8221;middle&#8221; align_horizontal=&#8221;align_center&#8221; gutter_size=&#8221;3&#8243; style=&#8221;dark&#8221; overlay_alpha=&#8221;50&#8243; shift_x=&#8221;0&#8243; shift_y=&#8221;0&#8243; shift_y_down=&#8221;0&#8243; z_index=&#8221;0&#8243; medium_width=&#8221;0&#8243; mobile_width=&#8221;0&#8243; width=&#8221;1\/1&#8243; uncode_shortcode_id=&#8221;962292&#8243;][vc_custom_heading heading_semantic=&#8221;h1&#8243; text_size=&#8221;fontsize-155944&#8243; text_space=&#8221;fontspace-781688&#8243; uncode_shortcode_id=&#8221;124075&#8243;]persoplast recruitment GmbH &#8211; Tw\u00f3j partner w zakresie wykwalifikowanego personelu w przemy\u015ble[\/vc_custom_heading][vc_button button_color=&#8221;color-111883&#8243; size=&#8221;btn-lg&#8221; custom_typo=&#8221;yes&#8221; font_family=&#8221;font-963190&#8243; font_weight=&#8221;700&#8243; border_width=&#8221;0&#8243; button_color_type=&#8221;uncode-palette&#8221; uncode_shortcode_id=&#8221;134193&#8243; link=&#8221;url:https:\/\/persoplast.com\/?page_id=950|title:Kontakt&#8221;]Masz jakie\u015b pytania?[\/vc_button][\/vc_column][\/vc_row][vc_row row_height_percent=&#8221;0&#8243; override_padding=&#8221;yes&#8221; h_padding=&#8221;2&#8243; top_padding=&#8221;4&#8243; bottom_padding=&#8221;4&#8243; overlay_alpha=&#8221;50&#8243; gutter_size=&#8221;4&#8243; column_width_percent=&#8221;100&#8243; shift_y=&#8221;0&#8243; z_index=&#8221;0&#8243; content_parallax=&#8221;0&#8243; bg_type=&#8221;&#8221; top_and_bottom_padding=&#8221;&#8221; left_and_right_padding=&#8221;&#8221; uncode_shortcode_id=&#8221;285136&#8243;][vc_column animation=&#8221;fadeInUp&#8221; delay=&#8221;200&#8243; delay_offset=&#8221;&#8221; bg_type=&#8221;&#8221; min_height=&#8221;&#8221; top_and_bottom_padding=&#8221;&#8221; left_and_right_padding=&#8221;&#8221; width=&#8221;1\/2&#8243; id=&#8221;&#8221; class=&#8221;&#8221;][vc_custom_heading text_color=&#8221;color-xsdn&#8221; text_size=&#8221;h6&#8243; badge_style=&#8221;yes&#8221; back_color=&#8221;color-111883&#8243; radius=&#8221;std&#8221; uncode_shortcode_id=&#8221;194022&#8243; text_color_type=&#8221;uncode-palette&#8221; back_color_type=&#8221;uncode-palette&#8221;]Od ponad 10 lat[\/vc_custom_heading][vc_custom_heading heading_semantic=&#8221;h1&#8243; text_size=&#8221;h1&#8243; text_weight=&#8221;600&#8243; uncode_shortcode_id=&#8221;189880&#8243;]persoplast recruitment GmbH[\/vc_custom_heading][vc_column_text uncode_shortcode_id=&#8221;183086&#8243;]zosta\u0142a za\u0142o\u017cona w 2015 roku i w kr\u00f3tkim czasie sta\u0142a si\u0119 wiod\u0105cym dostawc\u0105 us\u0142ug w bran\u017cy przetw\u00f3rstwa tworzyw sztucznych. Od 2015 roku jeste\u015bmy r\u00f3wnie\u017c cz\u0142onkiem Gesamtverband deutscher Zeitarbeitsfirmen e.V. (dawniej iGZ, Interessenverband deutscher Zeitarbeitsfirmen e.V.). Ze wzgl\u0119du na nasze cz\u0142onkostwo w Gesamtverband der Zeitarbeitsunternehmen e.V. (GVP), zawsze przestrzegamy standard\u00f3w jako\u015bci i kodeksu etycznego stowarzyszenia. Z przyjemno\u015bci\u0105 prze\u015blemy dokumenty lub pisemne potwierdzenie.[\/vc_column_text][\/vc_column][vc_column column_width_percent=&#8221;100&#8243; gutter_size=&#8221;3&#8243; overlay_alpha=&#8221;50&#8243; shift_x=&#8221;0&#8243; shift_y=&#8221;0&#8243; shift_y_down=&#8221;0&#8243; z_index=&#8221;0&#8243; medium_width=&#8221;0&#8243; mobile_width=&#8221;0&#8243; animation=&#8221;fadeInUp&#8221; delay=&#8221;400&#8243; delay_offset=&#8221;&#8221; bg_type=&#8221;&#8221; min_height=&#8221;&#8221; top_and_bottom_padding=&#8221;&#8221; left_and_right_padding=&#8221;&#8221; width=&#8221;1\/2&#8243; id=&#8221;&#8221; class=&#8221;&#8221; uncode_shortcode_id=&#8221;837858&#8243;][vc_custom_heading text_color=&#8221;color-xsdn&#8221; text_size=&#8221;h6&#8243; badge_style=&#8221;yes&#8221; back_color=&#8221;color-111883&#8243; radius=&#8221;std&#8221; uncode_shortcode_id=&#8221;209983&#8243; text_color_type=&#8221;uncode-palette&#8221; back_color_type=&#8221;uncode-palette&#8221;]Silne partnerstwo[\/vc_custom_heading][vc_custom_heading text_size=&#8221;h1&#8243; text_weight=&#8221;600&#8243; uncode_shortcode_id=&#8221;157608&#8243;]Tw\u00f3j partner dla wykwalifikowanych specjalist\u00f3w w bran\u017cy tworzyw sztucznych[\/vc_custom_heading][vc_column_text uncode_shortcode_id=&#8221;157468&#8243; <strong>]persoplast recruitment GmbH<\/strong> oferuje dost\u0119p do szerokiej i wykwalifikowanej puli specjalist\u00f3w. Nasi pracownicy pracuj\u0105 g\u0142\u00f3wnie przy <strong>budowie aparatury, zbiornik\u00f3w, instalacji i ruroci\u0105g\u00f3w<\/strong> oraz s\u0105 biegli w r\u00f3\u017cnych <strong>procesach spawania i klejenia<\/strong>.<\/p>\n<p>Opr\u00f3cz standardowych proces\u00f3w oferujemy r\u00f3wnie\u017c specjalistyczne techniki na \u017cyczenie, takie jak<\/p>\n<ul>\n<li><strong>Spawanie bez wtopie\u0144 i rowk\u00f3w (WNF)<\/strong><\/li>\n<li><strong>Spawanie w podczerwieni (IR)<\/strong><\/li>\n<li>Inne nowoczesne procesy spawania<\/li>\n<\/ul>\n<p>Nasi eksperci s\u0105 wysoko wykwalifikowani w przetwarzaniu <strong>tworzyw termoplastycznych i termoutwardzalnych<\/strong>, a tak\u017ce materia\u0142\u00f3w takich jak <strong>PE, PP, PVC, PVDF, GRP<\/strong> i innych tworzyw sztucznych.[\/vc_column_text][\/vc_column][\/vc_row][vc_row row_height_percent=&#8221;0&#8243; override_padding=&#8221;yes&#8221; h_padding=&#8221;2&#8243; top_padding=&#8221;4&#8243; bottom_padding=&#8221;4&#8243; back_color=&#8221;color-lxmt&#8221; overlay_alpha=&#8221;50&#8243; gutter_size=&#8221;3&#8243; column_width_percent=&#8221;100&#8243; shift_y=&#8221;0&#8243; z_index=&#8221;0&#8243; content_parallax=&#8221;0&#8243; uncode_shortcode_id=&#8221;106371&#8243; back_color_type=&#8221;uncode-palette&#8221;][vc_column width=&#8221;1\/1&#8243;][vc_gallery el_id=&#8221;gallery-197878&#8243; isotope_mode=&#8221;packery&#8221; random=&#8221;yes&#8221; medias=&#8221;1170,1171,1172,1173,1254,1255&#8243; gutter_size=&#8221;3&#8243; screen_lg=&#8221;1000&#8243; screen_md=&#8221;600&#8243; screen_sm=&#8221;480&#8243; single_width=&#8221;3&#8243; single_overlay_opacity=&#8221;50&#8243; single_padding=&#8221;2&#8243; uncode_shortcode_id=&#8221;909990&#8243;][\/vc_column][\/vc_row][vc_row row_height_percent=&#8221;0&#8243; override_padding=&#8221;yes&#8221; h_padding=&#8221;2&#8243; top_padding=&#8221;4&#8243; bottom_padding=&#8221;4&#8243; back_color=&#8221;color-lxmt&#8221; overlay_alpha=&#8221;50&#8243; gutter_size=&#8221;4&#8243; column_width_percent=&#8221;100&#8243; shift_y=&#8221;0&#8243; z_index=&#8221;0&#8243; content_parallax=&#8221;0&#8243; bg_type=&#8221;&#8221; top_and_bottom_padding=&#8221;&#8221; left_and_right_padding=&#8221;&#8221; uncode_shortcode_id=&#8221;582548&#8243; back_color_type=&#8221;uncode-palette&#8221;][vc_column column_width_percent=&#8221;100&#8243; gutter_size=&#8221;3&#8243; overlay_alpha=&#8221;50&#8243; shift_x=&#8221;0&#8243; shift_y=&#8221;0&#8243; shift_y_down=&#8221;0&#8243; z_index=&#8221;0&#8243; medium_width=&#8221;0&#8243; mobile_width=&#8221;0&#8243; animation=&#8221;fadeInUp&#8221; delay=&#8221;400&#8243; delay_offset=&#8221;&#8221; bg_type=&#8221;&#8221; min_height=&#8221;&#8221; top_and_bottom_padding=&#8221;&#8221; left_and_right_padding=&#8221;&#8221; width=&#8221;1\/2&#8243; id=&#8221;&#8221; class=&#8221;&#8221; uncode_shortcode_id=&#8221;101663&#8243;][vc_custom_heading text_size=&#8221;h1&#8243; text_weight=&#8221;600&#8243; uncode_shortcode_id=&#8221;116053&#8243;]Nasze udane projekty: Og\u00f3lno\u015bwiatowa rekrutacja dla wiod\u0105cych bran\u017c[\/vc_custom_heading][vc_column_text uncode_shortcode_id=&#8221;199168&#8243;]persoplast recruitment GmbH w ci\u0105gu ostatnich dziesi\u0119ciu lat pracowa\u0142a dla naszych klient\u00f3w w Niemczech, Europie, a w niekt\u00f3rych przypadkach na ca\u0142ym \u015bwiecie. Poni\u017cej znajduje si\u0119 lista projekt\u00f3w, w kt\u00f3rych pomogli\u015bmy r\u00f3\u017cnym klientom z naszym personelem. Persoplast wspiera\u0142 jako\u015bciowe i terminowe uko\u0144czenie projekt\u00f3w klient\u00f3w. Nasze us\u0142ugi obejmuj\u0105 nast\u0119puj\u0105ce sektory: przemys\u0142 farmaceutyczny, przemys\u0142 chemiczny, elektronika \/ elektronika p\u00f3\u0142przewodnikowa, przemys\u0142 spo\u017cywczy, przemys\u0142 motoryzacyjny, przemys\u0142 medyczny, przemys\u0142 lotniczy i inne.[\/vc_column_text][\/vc_column][vc_column column_width_percent=&#8221;100&#8243; gutter_size=&#8221;3&#8243; overlay_alpha=&#8221;50&#8243; shift_x=&#8221;0&#8243; shift_y=&#8221;0&#8243; shift_y_down=&#8221;0&#8243; z_index=&#8221;0&#8243; medium_width=&#8221;0&#8243; mobile_width=&#8221;0&#8243; animation=&#8221;fadeInUp&#8221; delay=&#8221;200&#8243; delay_offset=&#8221;&#8221; bg_type=&#8221;&#8221; min_height=&#8221;&#8221; top_and_bottom_padding=&#8221;&#8221; left_and_right_padding=&#8221;&#8221; width=&#8221;1\/2&#8243; id=&#8221;&#8221; class=&#8221;&#8221; uncode_shortcode_id=&#8221;149773&#8243;][vc_custom_heading text_size=&#8221;h1&#8243; text_weight=&#8221;600&#8243; uncode_shortcode_id=&#8221;589280&#8243;]Indywidualne rozwi\u0105zania dla Twoich wymaga\u0144[\/vc_custom_heading][vc_column_text uncode_shortcode_id=&#8221;475095&#8243;]Dzi\u0119ki naszym doskona\u0142ym kontaktom z <strong>firmami partnerskimi z bran\u017cy tworzyw sztucznych<\/strong> mo\u017cemy zaoferowa\u0107 indywidualne rozwi\u0105zania personalne i projektowe i rozwi\u0105zania projektowe kt\u00f3re s\u0105 idealnie dopasowane do Twoich potrzeb. <strong>Zapytaj nas &#8211; znajdziemy odpowiednie rozwi\u0105zanie dla Twojego projektu!<\/strong><\/p>\n<p>Byli\u015bmy r\u00f3wnie\u017c w stanie zrealizowa\u0107 du\u017c\u0105 liczb\u0119 projekt\u00f3w dla wielu klient\u00f3w w produkcji lub w lokalizacjach firmy. Ch\u0119tnie pomo\u017cemy r\u00f3wnie\u017c w realizacji przysz\u0142ych projekt\u00f3w. Czekamy na kontakt.[\/vc_column_text][vc_button button_color=&#8221;color-111883&#8243; size=&#8221;btn-lg&#8221; custom_typo=&#8221;yes&#8221; font_family=&#8221;font-963190&#8243; font_weight=&#8221;700&#8243; border_width=&#8221;0&#8243; button_color_type=&#8221;uncode-palette&#8221; uncode_shortcode_id=&#8221;804617&#8243; link=&#8221;url:https:\/\/persoplast.com\/?page_id=950|title:Kontakt&#8221;]Masz jakie\u015b pytania?[\/vc_button][\/vc_column][\/vc_row][vc_row row_height_percent=&#8221;0&#8243; override_padding=&#8221;yes&#8221; h_padding=&#8221;2&#8243; top_padding=&#8221;4&#8243; bottom_padding=&#8221;4&#8243; overlay_alpha=&#8221;50&#8243; gutter_size=&#8221;4&#8243; column_width_percent=&#8221;100&#8243; shift_y=&#8221;0&#8243; z_index=&#8221;0&#8243; content_parallax=&#8221;0&#8243; bg_type=&#8221;&#8221; top_and_bottom_padding=&#8221;&#8221; left_and_right_padding=&#8221;&#8221; uncode_shortcode_id=&#8221;285136&#8243;][vc_column column_width_percent=&#8221;100&#8243; gutter_size=&#8221;3&#8243; overlay_alpha=&#8221;50&#8243; shift_x=&#8221;0&#8243; shift_y=&#8221;0&#8243; shift_y_down=&#8221;0&#8243; z_index=&#8221;0&#8243; medium_width=&#8221;0&#8243; mobile_width=&#8221;0&#8243; animation=&#8221;fadeInUp&#8221; delay=&#8221;200&#8243; delay_offset=&#8221;&#8221; bg_type=&#8221;&#8221; min_height=&#8221;&#8221; top_and_bottom_padding=&#8221;&#8221; left_and_right_padding=&#8221;&#8221; width=&#8221;1\/2&#8243; id=&#8221;&#8221; class=&#8221;&#8221; uncode_shortcode_id=&#8221;174250&#8243;][vc_custom_heading text_size=&#8221;h1&#8243; text_weight=&#8221;600&#8243; uncode_shortcode_id=&#8221;149020&#8243;]Firma z jasnymi warto\u015bciami[\/vc_custom_heading][vc_column_text uncode_shortcode_id=&#8221;179552&#8243;]Firma Persoplast recruitment GmbH zosta\u0142a za\u0142o\u017cona w 2015 roku i szybko sta\u0142a si\u0119 wiod\u0105cym dostawc\u0105 us\u0142ug w bran\u017cy przetw\u00f3rstwa tworzyw sztucznych. Od 2015 roku jeste\u015bmy r\u00f3wnie\u017c cz\u0142onkiem Gesamtverband deutscher Zeitarbeitsfirmen e.V. (dawniej iGZ, Interessenverband deutscher Zeitarbeitsfirmen e.V.).<\/p>\n<p>Ze wzgl\u0119du na nasze cz\u0142onkostwo w <a href=\"https:\/\/personaldienstleister.de\/personaldienstleistungen\/zeitarbeit\/tarif\/basistarifwerk\/\" target=\"_blank\" rel=\"noopener\">Gesamtverband der Zeitarbeitsunternehmen e.V<\/a>. (GVP), zawsze przestrzegamy standard\u00f3w jako\u015bci i kodeksu etycznego stowarzyszenia. Z przyjemno\u015bci\u0105 prze\u015blemy dokumenty lub pisemne potwierdzenie.<\/p>\n<p>[\/vc_column_text][vc_single_image media=&#8221;1258&#8243; media_width_percent=&#8221;60&#8243; uncode_shortcode_id=&#8221;978767&#8243; media_link=&#8221;url:https:\/\/personaldienstleister.de\/personaldienstleistungen\/zeitarbeit\/tarif\/basistarifwerk\/|target:_blank&#8221;][\/vc_column][vc_column column_width_percent=&#8221;100&#8243; gutter_size=&#8221;3&#8243; overlay_alpha=&#8221;50&#8243; shift_x=&#8221;0&#8243; shift_y=&#8221;0&#8243; shift_y_down=&#8221;0&#8243; z_index=&#8221;0&#8243; medium_width=&#8221;0&#8243; mobile_width=&#8221;0&#8243; animation=&#8221;fadeInUp&#8221; delay=&#8221;400&#8243; delay_offset=&#8221;&#8221; bg_type=&#8221;&#8221; min_height=&#8221;&#8221; top_and_bottom_padding=&#8221;&#8221; left_and_right_padding=&#8221;&#8221; width=&#8221;1\/2&#8243; id=&#8221;&#8221; class=&#8221;&#8221; uncode_shortcode_id=&#8221;126907&#8243;][vc_custom_heading text_size=&#8221;h1&#8243; text_weight=&#8221;600&#8243; uncode_shortcode_id=&#8221;773452&#8243;]Nasze roszczenie: Jako\u015b\u0107 i dalszy rozw\u00f3j[\/vc_custom_heading][vc_column_text uncode_shortcode_id=&#8221;148999&#8243;]Nieustannie promujemy dalszy rozw\u00f3j naszych pracownik\u00f3w i naszych us\u0142ug, aby m\u00f3c zawsze oferowa\u0107 najwy\u017csz\u0105 jako\u015b\u0107. Mo\u017cesz polega\u0107 na naszym do\u015bwiadczeniu, zaanga\u017cowaniu i wiedzy specjalistycznej w bran\u017cy tworzyw sztucznych.<\/p>\n<p><strong>persoplast recruitment GmbH &#8211; Tw\u00f3j silny partner w zakresie rozwi\u0105za\u0144 personalnych i projektowych.<\/strong>[\/vc_column_text][vc_button button_color=&#8221;color-111883&#8243; size=&#8221;btn-lg&#8221; custom_typo=&#8221;yes&#8221; font_family=&#8221;font-963190&#8243; font_weight=&#8221;700&#8243; border_width=&#8221;0&#8243; button_color_type=&#8221;uncode-palette&#8221; uncode_shortcode_id=&#8221;214532&#8243; link=&#8221;url:https:\/\/persoplast.com\/?page_id=950|title:Kontakt&#8221;]Masz jakie\u015b pytania?[\/vc_button][\/vc_column][\/vc_row][vc_row unlock_row_content=&#8221;yes&#8221; row_height_percent=&#8221;0&#8243; override_padding=&#8221;yes&#8221; h_padding=&#8221;0&#8243; top_padding=&#8221;0&#8243; bottom_padding=&#8221;0&#8243; overlay_alpha=&#8221;50&#8243; gutter_size=&#8221;3&#8243; column_width_percent=&#8221;100&#8243; shift_y=&#8221;0&#8243; z_index=&#8221;0&#8243; content_parallax=&#8221;0&#8243; uncode_shortcode_id=&#8221;170193&#8243;][vc_column width=&#8221;1\/1&#8243;][vc_single_image media=&#8221;923&#8243; media_lightbox=&#8221;yes&#8221; media_width_percent=&#8221;100&#8243;][\/vc_column][\/vc_row][vc_row unlock_row_content=&#8221;yes&#8221; row_height_percent=&#8221;0&#8243; override_padding=&#8221;yes&#8221; h_padding=&#8221;0&#8243; top_padding=&#8221;0&#8243; bottom_padding=&#8221;0&#8243; overlay_alpha=&#8221;50&#8243; gutter_size=&#8221;3&#8243; column_width_percent=&#8221;100&#8243; shift_y=&#8221;0&#8243; z_index=&#8221;0&#8243; content_parallax=&#8221;0&#8243; uncode_shortcode_id=&#8221;102664&#8243;][vc_column width=&#8221;1\/1&#8243;][vc_gallery el_id=&#8221;gallery-1978786&#8243; type=&#8221;carousel&#8221; random=&#8221;yes&#8221; medias=&#8221;1087,1086,1085,1084,1083,1082&#8243; carousel_lg=&#8221;4&#8243; carousel_md=&#8221;3&#8243; carousel_sm=&#8221;1&#8243; thumb_size=&#8221;four-three&#8221; gutter_size=&#8221;1&#8243; carousel_interval=&#8221;3000&#8243; carousel_navspeed=&#8221;400&#8243; carousel_loop=&#8221;yes&#8221; stage_padding=&#8221;0&#8243; single_overlay_opacity=&#8221;50&#8243; single_padding=&#8221;2&#8243; uncode_shortcode_id=&#8221;434010&#8243;][\/vc_column][\/vc_row]<\/p>\n<\/div>","protected":false},"excerpt":{"rendered":"<p>[vc_row row_height_percent=&#8221;60&#8243; override_padding=&#8221;yes&#8221; h_padding=&#8221;2&#8243; top_padding=&#8221;4&#8243; bottom_padding=&#8221;4&#8243; back_image=&#8221;1230&#8243; overlay_color=&#8221;color-jevc&#8221; overlay_alpha=&#8221;50&#8243; gutter_size=&#8221;3&#8243; column_width_percent=&#8221;100&#8243; shift_y=&#8221;0&#8243; z_index=&#8221;0&#8243; content_parallax=&#8221;0&#8243; css=&#8221;.vc_custom_1741347439258{margin-top: -30px !important;}&#8221; uncode_shortcode_id=&#8221;462268&#8243; row_height_pixel=&#8221;500&#8243; overlay_color_type=&#8221;uncode-palette&#8221;][vc_column [&hellip;]<\/p>\n","protected":false},"author":1,"featured_media":1469,"parent":0,"menu_order":0,"comment_status":"closed","ping_status":"closed","template":"","meta":{"footnotes":""},"class_list":["post-1896","page","type-page","status-publish","has-post-thumbnail","hentry"],"_links":{"self":[{"href":"https:\/\/persoplast.com\/pl\/wp-json\/wp\/v2\/pages\/1896","targetHints":{"allow":["GET"]}}],"collection":[{"href":"https:\/\/persoplast.com\/pl\/wp-json\/wp\/v2\/pages"}],"about":[{"href":"https:\/\/persoplast.com\/pl\/wp-json\/wp\/v2\/types\/page"}],"author":[{"embeddable":true,"href":"https:\/\/persoplast.com\/pl\/wp-json\/wp\/v2\/users\/1"}],"replies":[{"embeddable":true,"href":"https:\/\/persoplast.com\/pl\/wp-json\/wp\/v2\/comments?post=1896"}],"version-history":[{"count":1,"href":"https:\/\/persoplast.com\/pl\/wp-json\/wp\/v2\/pages\/1896\/revisions"}],"predecessor-version":[{"id":1911,"href":"https:\/\/persoplast.com\/pl\/wp-json\/wp\/v2\/pages\/1896\/revisions\/1911"}],"wp:featuredmedia":[{"embeddable":true,"href":"https:\/\/persoplast.com\/pl\/wp-json\/wp\/v2\/media\/1469"}],"wp:attachment":[{"href":"https:\/\/persoplast.com\/pl\/wp-json\/wp\/v2\/media?parent=1896"}],"curies":[{"name":"wp","href":"https:\/\/api.w.org\/{rel}","templated":true}]}}