{"id":1904,"date":"2015-03-12T09:44:36","date_gmt":"2015-03-12T09:44:36","guid":{"rendered":"https:\/\/persoplast.com\/impressum\/"},"modified":"2025-06-18T09:47:31","modified_gmt":"2025-06-18T09:47:31","slug":"impressum","status":"publish","type":"page","link":"https:\/\/persoplast.com\/pl\/impressum\/","title":{"rendered":"Impressum"},"content":{"rendered":"<div class=\"wpb-content-wrapper\"><p>[vc_row top_and_bottom_padding=&#8221;&#8221; left_and_right_padding=&#8221;&#8221;][vc_column delay=&#8221;&#8221; delay_offset=&#8221;&#8221; bg_type=&#8221;&#8221; min_height=&#8221;&#8221; top_and_bottom_padding=&#8221;&#8221; left_and_right_padding=&#8221;&#8221; width=&#8221;2\/3&#8243;][vc_custom_heading text=&#8221;Disclaimer&#8221; font_container=&#8221;tag:h2|font_size:28|text_align:left&#8221; google_fonts=&#8221;font_family:Roboto:100,100italic,300,300italic,regular,italic,500,500italic,700,700italic,900,900italic|font_style:400 regular:400:normal&#8221;][vc_custom_heading text=&#8221;Odpowiedzialno\u015b\u0107 za tre\u015b\u0107&#8221; font_container=&#8221;tag:h3|font_size:24|text_align:left&#8221; google_fonts=&#8221;font_family:Roboto:100,100italic,300,300italic,regular,italic,500,500italic,700,700italic,900,900italic|font_style:300 light regular:300:normal&#8221;][vc_column_text dropcaps=&#8221;&#8221;]Jako us\u0142ugodawca ponosimy odpowiedzialno\u015b\u0107 zgodnie z \u00a7 7 Abs.1 TMG za w\u0142asne tre\u015bci na tych stronach zgodnie z og\u00f3lnymi przepisami prawa. Zgodnie z \u00a7\u00a7 8 do 10 TMG jako us\u0142ugodawca nie jeste\u015bmy jednak zobowi\u0105zani do monitorowania przesy\u0142anych lub przechowywanych informacji os\u00f3b trzecich ani do badania okoliczno\u015bci wskazuj\u0105cych na nielegaln\u0105 dzia\u0142alno\u015b\u0107.<\/p>\n<p>Nie ma to wp\u0142ywu na obowi\u0105zek usuni\u0119cia lub zablokowania korzystania z informacji zgodnie z og\u00f3lnymi przepisami prawa. Odpowiedzialno\u015b\u0107 w tym zakresie jest jednak mo\u017cliwa dopiero od momentu powzi\u0119cia informacji o konkretnym naruszeniu. Gdy tylko dowiemy si\u0119 o takich naruszeniach, natychmiast usuniemy te tre\u015bci.[\/vc_column_text][vc_custom_heading text=&#8221;Odpowiedzialno\u015b\u0107 za linki&#8221; font_container=&#8221;tag:h3|font_size:24|text_align:left&#8221; google_fonts=&#8221;font_family:Roboto:100,100italic,300,300italic,regular,italic,500,500italic,700,700italic,900,900italic|font_style:300 light regular:300:normal&#8221;][vc_column_text dropcaps=&#8221;&#8221;]Nasza strona internetowa zawiera linki do zewn\u0119trznych stron internetowych os\u00f3b trzecich, na kt\u00f3rych tre\u015b\u0107 nie mamy wp\u0142ywu. W zwi\u0105zku z tym nie mo\u017cemy ponosi\u0107 \u017cadnej odpowiedzialno\u015bci za te tre\u015bci zewn\u0119trzne. Odpowiedni dostawca lub operator stron jest zawsze odpowiedzialny za tre\u015b\u0107 stron, do kt\u00f3rych prowadz\u0105 linki. Po\u0142\u0105czone strony zosta\u0142y sprawdzone pod k\u0105tem mo\u017cliwych narusze\u0144 prawa w momencie \u0142\u0105czenia. Nielegalne tre\u015bci nie by\u0142y rozpoznawalne w momencie linkowania.<\/p>\n<p>Sta\u0142e monitorowanie tre\u015bci stron, do kt\u00f3rych prowadz\u0105 linki, nie jest jednak uzasadnione bez konkretnych dowod\u00f3w naruszenia prawa. Je\u015bli dowiemy si\u0119 o jakichkolwiek naruszeniach prawa, natychmiast usuniemy takie linki.[\/vc_column_text][vc_custom_heading text=&#8221;Copyright&#8221; font_container=&#8221;tag:h3|font_size:24|text_align:left&#8221; google_fonts=&#8221;font_family:Roboto:100,100italic,300,300italic,regular,italic,500,500italic,700,700italic,900,900italic|font_style:300 light regular:300:normal&#8221;][vc_column_text dropcaps=&#8221;&#8221;]Tre\u015bci i dzie\u0142a stworzone przez operator\u00f3w witryn na tych stronach podlegaj\u0105 niemieckiemu prawu autorskiemu. Powielanie, edytowanie, rozpowszechnianie i wszelkiego rodzaju wykorzystywanie poza granicami prawa autorskiego wymaga pisemnej zgody odpowiedniego autora lub tw\u00f3rcy. Pobieranie i kopiowanie tej strony jest dozwolone wy\u0142\u0105cznie do prywatnego, niekomercyjnego u\u017cytku.<\/p>\n<p>O ile tre\u015bci na tej stronie nie zosta\u0142y stworzone przez operatora, prawa autorskie os\u00f3b trzecich s\u0105 przestrzegane. W szczeg\u00f3lno\u015bci tre\u015bci os\u00f3b trzecich s\u0105 oznaczone jako takie. Je\u015bli mimo to dowiesz si\u0119 o naruszeniu praw autorskich, poinformuj nas o tym. Je\u015bli dowiemy si\u0119 o jakichkolwiek naruszeniach, niezw\u0142ocznie usuniemy takie tre\u015bci.[\/vc_column_text][ultimate_heading main_heading=&#8221;Allgemeine \u00dcberlassungsbedingungen (A\u00dcB)&#8221; heading_tag=&#8221;h1&#8243; alignment=&#8221;left&#8221; main_heading_font_size=&#8221;24&#8243; main_heading_style=&#8221;font-weight:bold;&#8221;][\/ultimate_heading][vc_column_text dropcaps=&#8221;&#8221;<a href=\"\/wp-content\/uploads\/2015\/07\/persoplast_agb_a4_5_FINAL_JULI-2015_4-Seiten.pdf\" target=\"_blank\" rel=\"noopener\">]Persoplast A\u00dcB Pobierz tutaj<\/a>[\/vc_column_text][\/vc_column][vc_column delay=&#8221;&#8221; delay_offset=&#8221;&#8221; bg_type=&#8221;&#8221; min_height=&#8221;&#8221; top_and_bottom_padding=&#8221;&#8221; left_and_right_padding=&#8221;&#8221; width=&#8221;1\/3&#8243;][vc_custom_heading text=&#8221;Imprint&#8221; font_container=&#8221;tag:h2|font_size:28|text_align:left&#8221; google_fonts=&#8221;font_family:Roboto:100,100italic,300,300italic,regular,italic,500,500italic,700,700italic,900,900italic|font_style:400 regular:400:normal&#8221;][vc_custom_heading text=&#8221;Informacje zgodnie z \u00a7 5 TMG:&#8221; font_container=&#8221;tag:h3|font_size:24|text_align:left&#8221; google_fonts=&#8221;font_family:Roboto:100,100italic,300,300italic,regular,italic,500,500italic,700,700italic,900,900italic|font_style:300 light regular:300:normal&#8221;][vc_column_text dropcaps=&#8221;&#8221;]persoplast recruitment GmbH<br \/>\nEdelmannsweg 36<br \/>\n72116 M\u00f6ssingen[\/vc_column_text][vc_custom_heading text=&#8221;Reprezentowany przez:&#8221; font_container=&#8221;tag:h3|font_size:24|text_align:left&#8221; google_fonts=&#8221;font_family:Roboto:100,100italic,300,300italic,regular,italic,500,500italic,700,700italic,900,900italic|font_style:300 light regular:300:normal&#8221;][vc_column_text dropcaps=&#8221;&#8221;]Peter Brehl, Mario Pitschnig[\/vc_column_text][vc_custom_heading text=&#8221;Kontakt:&#8221; font_container=&#8221;tag:h3|font_size:24|text_align:left&#8221; google_fonts=&#8221;font_family:Roboto:100,100italic,300,300italic,regular,italic,500,500italic,700,700italic,900,900italic|font_style:300 light regular:300:normal&#8221;][vc_column_text dropcaps=&#8221;&#8221;]Telefon: 49 (0) 74 73 2 60 59 00<br \/>\nFaks: 49 (0) 74 73 2 60 61 43<br \/>\nE-mail: mail@persoplast.com[\/vc_column_text][vc_custom_heading text=&#8221;Zarejestruj wpis:&#8221; font_container=&#8221;tag:h3|font_size:24|text_align:left&#8221; google_fonts=&#8221;font_family:Roboto:100,100italic,300,300italic,regular,italic,500,500italic,700,700italic,900,900italic|font_style:300 light regular:300:normal&#8221;][vc_column_text dropcaps=&#8221;&#8221;]Wpis do rejestru handlowego.<br \/>\nS\u0105d rejestrowy: S\u0105d Rejonowy w Stuttgarcie<br \/>\nNumer rejestru: HRB 750865[\/vc_column_text][vc_custom_heading text=&#8221;NIP:&#8221; font_container=&#8221;tag:h3|font_size:24|text_align:left&#8221; google_fonts=&#8221;font_family:Roboto:100,100italic,300,300italic,regular,italic,500,500italic,700,700italic,900,900italic|font_style:300 light regular:300:normal&#8221;][vc_column_text dropcaps=&#8221;&#8221;]Numer identyfikacji podatkowej sprzeda\u017cy zgodnie z \u00a727 a ustawy o podatku od sprzeda\u017cy:<br \/>\nDE 298 438 319[\/vc_column_text][vc_custom_heading text=&#8221;Odpowiedzialny za tre\u015b\u0107 zgodnie z \u00a7 55 Abs. 2 RStV:&#8221; font_container=&#8221;tag:h3|font_size:24|text_align:left&#8221; google_fonts=&#8221;font_family:Roboto:100,100italic,300,300italic,regular,italic,500,500italic,700,700italic,900,900italic|font_style:300 light regular:300:normal&#8221;][vc_column_text dropcaps=&#8221;&#8221;]Mario Pitschnig[\/vc_column_text][vc_custom_heading text=&#8221;Note on EU dispute resolution&#8221; font_container=&#8221;tag:h3|font_size:24|text_align:left&#8221; google_fonts=&#8221;font_family:Roboto:100,100italic,300,300italic,regular,italic,500,500italic,700,700italic,900,900italic|font_style:300 light regular:300:normal&#8221;][vc_column_text dropcaps=&#8221;&#8221;]Komisja Europejska udost\u0119pnia platform\u0119 internetowego rozstrzygania spor\u00f3w (ODR): <a href=\"http:\/\/ec.europa.eu\/consumers\/odr\">http:\/\/ec.europa.eu\/consumers\/odr<\/a><br \/>\nNasz adres e-mail mo\u017cna znale\u017a\u0107 w powy\u017cszej nocie prawnej[\/vc_column_text][\/vc_column][\/vc_row]<\/p>\n<\/div>","protected":false},"excerpt":{"rendered":"<p>[vc_row top_and_bottom_padding=&#8221;&#8221; left_and_right_padding=&#8221;&#8221;][vc_column delay=&#8221;&#8221; delay_offset=&#8221;&#8221; bg_type=&#8221;&#8221; min_height=&#8221;&#8221; top_and_bottom_padding=&#8221;&#8221; left_and_right_padding=&#8221;&#8221; width=&#8221;2\/3&#8243;][vc_custom_heading text=&#8221;Disclaimer&#8221; font_container=&#8221;tag:h2|font_size:28|text_align:left&#8221; google_fonts=&#8221;font_family:Roboto:100,100italic,300,300italic,regular,italic,500,500italic,700,700italic,900,900italic|font_style:400 regular:400:normal&#8221;][vc_custom_heading text=&#8221;Odpowiedzialno\u015b\u0107 za tre\u015b\u0107&#8221; font_container=&#8221;tag:h3|font_size:24|text_align:left&#8221; google_fonts=&#8221;font_family:Roboto:100,100italic,300,300italic,regular,italic,500,500italic,700,700italic,900,900italic|font_style:300 light [&hellip;]<\/p>\n","protected":false},"author":1,"featured_media":0,"parent":0,"menu_order":0,"comment_status":"closed","ping_status":"closed","template":"","meta":{"footnotes":""},"class_list":["post-1904","page","type-page","status-publish","hentry"],"_links":{"self":[{"href":"https:\/\/persoplast.com\/pl\/wp-json\/wp\/v2\/pages\/1904","targetHints":{"allow":["GET"]}}],"collection":[{"href":"https:\/\/persoplast.com\/pl\/wp-json\/wp\/v2\/pages"}],"about":[{"href":"https:\/\/persoplast.com\/pl\/wp-json\/wp\/v2\/types\/page"}],"author":[{"embeddable":true,"href":"https:\/\/persoplast.com\/pl\/wp-json\/wp\/v2\/users\/1"}],"replies":[{"embeddable":true,"href":"https:\/\/persoplast.com\/pl\/wp-json\/wp\/v2\/comments?post=1904"}],"version-history":[{"count":3,"href":"https:\/\/persoplast.com\/pl\/wp-json\/wp\/v2\/pages\/1904\/revisions"}],"predecessor-version":[{"id":1922,"href":"https:\/\/persoplast.com\/pl\/wp-json\/wp\/v2\/pages\/1904\/revisions\/1922"}],"wp:attachment":[{"href":"https:\/\/persoplast.com\/pl\/wp-json\/wp\/v2\/media?parent=1904"}],"curies":[{"name":"wp","href":"https:\/\/api.w.org\/{rel}","templated":true}]}}